{"id":2628,"date":"2024-01-04T21:58:50","date_gmt":"2024-01-04T21:58:50","guid":{"rendered":"https:\/\/demo.bravisthemes.com\/kaitex\/?page_id=2628"},"modified":"2025-02-02T20:45:32","modified_gmt":"2025-02-02T20:45:32","slug":"blog","status":"publish","type":"page","link":"https:\/\/evasoftwaretechnology.com\/en\/blog\/","title":{"rendered":"Blog"},"content":{"rendered":"<div data-elementor-type=\"wp-page\" data-elementor-id=\"2628\" class=\"elementor elementor-2628\">\n\t\t\t\t        <section class=\"elementor-section elementor-top-section elementor-element elementor-element-e3f2420 elementor-section-boxed elementor-section-height-default elementor-section-height-default pxl-row-scroll-none pxl-section-bg-none\" data-id=\"e3f2420\" data-element_type=\"section\">\n\n                \n                <div class=\"elementor-container elementor-column-gap-default\">\n                <div class=\"elementor-column elementor-col-100 elementor-top-column elementor-element elementor-element-2386c7a pxl-column-none\" data-id=\"2386c7a\" data-element_type=\"column\">\r\n        <div class=\"elementor-widget-wrap elementor-element-populated\">\r\n                     \r\n        \t\t<div class=\"elementor-element elementor-element-c06be0f pxl-post-layout-post-1 elementor-widget elementor-widget-pxl_post_grid\" data-id=\"c06be0f\" data-element_type=\"widget\" data-widget_type=\"pxl_post_grid.default\">\n\t\t\t\t<div class=\"elementor-widget-container\">\n\t\t\t\t\t\n<div id=\"pxl_post_grid-c06be0f-8790\" class=\"pxl-grid pxl-blog-grid pxl-blog-grid-layout1 style1\" data-layout=\"masonry\" data-start-page=\"1\" data-max-pages=\"1\" data-total=\"3\" data-perpage=\"6\" data-next-link=\"\">\n    \n    <div class=\"pxl-grid-inner pxl-grid-masonry row\" data-gutter=\"15\">\n        <div class=\"grid-sizer col-xxl-4 col-xl-4 col-lg-6 col-md-6 col-sm-12 col-12\"><\/div>\n                    <div class=\"pxl-grid-item col-xxl-4 col-xl-4 col-lg-6 col-md-6 col-sm-12 col-12\">\n                <div class=\"pxl-item--inner\" data-wow-duration=\"1.2s\">\n                                                            <div class=\"item--content\">\n                        <ul class=\"item--meta\">\n                                                                                <\/ul>\n                        <h4 class=\"item--title\"><a href=\"https:\/\/evasoftwaretechnology.com\/en\/google-reklam-ads\/\" aria-label=\"Google Ads\">Google Ads<\/a><\/h4>\n                                                    <div class=\"item--excerpt\" >\n                                Google advertising strategy should be designed to enable your business to reach its target audience.\u2026                            <\/div>\n                                                <div class=\"item--footer\">\n                                                            <a class=\"item--button btn-default style2\" href=\"https:\/\/evasoftwaretechnology.com\/en\/google-reklam-ads\/\" aria-label=\"Detail\">\n                                    <span class=\"btn-text\">\n                                        Detail                                    <\/span>\n                                <\/a>\n                                                                                <\/div>\n                    <\/div>\n                <\/div>\n            <\/div>\n                    <div class=\"pxl-grid-item col-xxl-4 col-xl-4 col-lg-6 col-md-6 col-sm-12 col-12\">\n                <div class=\"pxl-item--inner\" data-wow-duration=\"1.2s\">\n                                                            <div class=\"item--content\">\n                        <ul class=\"item--meta\">\n                                                                                <\/ul>\n                        <h4 class=\"item--title\"><a href=\"https:\/\/evasoftwaretechnology.com\/en\/dijital-pazarlamanin-onemi\/\" aria-label=\"Importance of Digital Marketing\">Importance of Digital Marketing<\/a><\/h4>\n                                                    <div class=\"item--excerpt\" >\n                                Reaching a very wide audience in a short time\u2026                            <\/div>\n                                                <div class=\"item--footer\">\n                                                            <a class=\"item--button btn-default style2\" href=\"https:\/\/evasoftwaretechnology.com\/en\/dijital-pazarlamanin-onemi\/\" aria-label=\"Detail\">\n                                    <span class=\"btn-text\">\n                                        Detail                                    <\/span>\n                                <\/a>\n                                                                                <\/div>\n                    <\/div>\n                <\/div>\n            <\/div>\n                    <div class=\"pxl-grid-item col-xxl-4 col-xl-4 col-lg-6 col-md-6 col-sm-12 col-12\">\n                <div class=\"pxl-item--inner\" data-wow-duration=\"1.2s\">\n                                                            <div class=\"item--content\">\n                        <ul class=\"item--meta\">\n                                                                                <\/ul>\n                        <h4 class=\"item--title\"><a href=\"https:\/\/evasoftwaretechnology.com\/en\/kurumsal-web-sitesi-nedir\/\" aria-label=\"What is a Corporate Website?\">What is a Corporate Website?<\/a><\/h4>\n                                                    <div class=\"item--excerpt\" >\n                                A corporate website is the foundation of a company's online presence and\u2026                            <\/div>\n                                                <div class=\"item--footer\">\n                                                            <a class=\"item--button btn-default style2\" href=\"https:\/\/evasoftwaretechnology.com\/en\/kurumsal-web-sitesi-nedir\/\" aria-label=\"Detail\">\n                                    <span class=\"btn-text\">\n                                        Detail                                    <\/span>\n                                <\/a>\n                                                                                <\/div>\n                    <\/div>\n                <\/div>\n            <\/div>\n            <\/div>\n    <div class=\"pxl-grid-no-results\">No matching results.<\/div>\n            <div class=\"pxl-grid-pagination\" data-loadmore=\"{&quot;post_type&quot;:&quot;post&quot;,&quot;layout&quot;:&quot;post-1&quot;,&quot;layout_mode&quot;:&quot;masonry&quot;,&quot;startPage&quot;:1,&quot;maxPages&quot;:1,&quot;total&quot;:3,&quot;perpage&quot;:&quot;6&quot;,&quot;nextLink&quot;:&quot;&quot;,&quot;source&quot;:&quot;&quot;,&quot;orderby&quot;:&quot;date&quot;,&quot;order&quot;:&quot;desc&quot;,&quot;limit&quot;:&quot;6&quot;,&quot;post_ids&quot;:[],&quot;col_xxl&quot;:4,&quot;col_xl&quot;:4,&quot;col_lg&quot;:6,&quot;col_md&quot;:6,&quot;col_sm&quot;:12,&quot;col_xs&quot;:12,&quot;pagination_type&quot;:&quot;pagination&quot;,&quot;style&quot;:&quot;style1&quot;,&quot;show_date&quot;:&quot;&quot;,&quot;show_author&quot;:&quot;&quot;,&quot;show_comment&quot;:&quot;&quot;,&quot;show_excerpt&quot;:&quot;true&quot;,&quot;num_words&quot;:10,&quot;text_line&quot;:&quot;&quot;,&quot;show_button&quot;:&quot;true&quot;,&quot;button_text&quot;:&quot;Detaylar&quot;,&quot;author_text&quot;:&quot;*&quot;,&quot;img_size&quot;:&quot;&quot;,&quot;grid_masonry&quot;:&quot;&quot;,&quot;pxl_animate&quot;:&quot;&quot;,&quot;tax&quot;:[]}\" data-query=\"{&quot;post_type&quot;:&quot;post&quot;,&quot;post_status&quot;:&quot;publish&quot;,&quot;posts_per_page&quot;:6,&quot;order&quot;:&quot;desc&quot;,&quot;orderby&quot;:&quot;date&quot;,&quot;tax_query&quot;:{&quot;relation&quot;:&quot;OR&quot;},&quot;post__not_in&quot;:[2628]}\">\n                    <\/div>\n        <\/div>\t\t\t\t<\/div>\n\t\t\t\t<\/div>\n\t\t            <\/div>\r\n        <\/div>\r\n        \t\t\t<\/div>\n\t\t<\/section>\n\t\t\t\t<\/div>","protected":false},"excerpt":{"rendered":"<p>Google Reklam Ads Google reklam stratejisi, i\u015fletmenizin hedef kitlesine ula\u015fmas\u0131n\u0131 sa\u011flayacak \u015fekilde tasarlanmal\u0131d\u0131r.\u2026 Detaylar Dijital Pazarlaman\u0131n \u00d6nemi K\u0131sa bir vakit i\u00e7erisinde son derece geni\u015f bir kitleye ula\u015fmak\u2026 Detaylar Kurumsal Web Sitesi Nedir? Kurumsal web sitesi, bir \u015firketin \u00e7evrimi\u00e7i varl\u0131\u011f\u0131n\u0131n temelini olu\u015fturur ve\u2026 Detaylar No matching results.<\/p>","protected":false},"author":1,"featured_media":5782,"parent":0,"menu_order":0,"comment_status":"closed","ping_status":"closed","template":"","meta":{"footnotes":"","_links_to":"","_links_to_target":""},"class_list":["post-2628","page","type-page","status-publish","has-post-thumbnail","hentry"],"aioseo_notices":[],"_links":{"self":[{"href":"https:\/\/evasoftwaretechnology.com\/en\/wp-json\/wp\/v2\/pages\/2628","targetHints":{"allow":["GET"]}}],"collection":[{"href":"https:\/\/evasoftwaretechnology.com\/en\/wp-json\/wp\/v2\/pages"}],"about":[{"href":"https:\/\/evasoftwaretechnology.com\/en\/wp-json\/wp\/v2\/types\/page"}],"author":[{"embeddable":true,"href":"https:\/\/evasoftwaretechnology.com\/en\/wp-json\/wp\/v2\/users\/1"}],"replies":[{"embeddable":true,"href":"https:\/\/evasoftwaretechnology.com\/en\/wp-json\/wp\/v2\/comments?post=2628"}],"version-history":[{"count":6,"href":"https:\/\/evasoftwaretechnology.com\/en\/wp-json\/wp\/v2\/pages\/2628\/revisions"}],"predecessor-version":[{"id":5785,"href":"https:\/\/evasoftwaretechnology.com\/en\/wp-json\/wp\/v2\/pages\/2628\/revisions\/5785"}],"wp:featuredmedia":[{"embeddable":true,"href":"https:\/\/evasoftwaretechnology.com\/en\/wp-json\/wp\/v2\/media\/5782"}],"wp:attachment":[{"href":"https:\/\/evasoftwaretechnology.com\/en\/wp-json\/wp\/v2\/media?parent=2628"}],"curies":[{"name":"wp","href":"https:\/\/api.w.org\/{rel}","templated":true}]}}