{"id":3359,"date":"2024-01-06T20:25:59","date_gmt":"2024-01-06T20:25:59","guid":{"rendered":"https:\/\/demo.bravisthemes.com\/kaitex\/?page_id=3359"},"modified":"2025-02-12T22:13:16","modified_gmt":"2025-02-12T22:13:16","slug":"referanslar-evasoft","status":"publish","type":"page","link":"https:\/\/evasoftwaretechnology.com\/en\/referanslar-evasoft\/","title":{"rendered":"References"},"content":{"rendered":"<div data-elementor-type=\"wp-page\" data-elementor-id=\"3359\" class=\"elementor elementor-3359\">\n\t\t\t\t        <section class=\"elementor-section elementor-top-section elementor-element elementor-element-3617694 elementor-section-boxed elementor-section-height-default elementor-section-height-default pxl-row-scroll-none pxl-section-bg-none\" data-id=\"3617694\" data-element_type=\"section\">\n\n                \n                <div class=\"elementor-container elementor-column-gap-default\">\n                <div class=\"elementor-column elementor-col-100 elementor-top-column elementor-element elementor-element-c4fd081 pxl-column-none\" data-id=\"c4fd081\" data-element_type=\"column\">\r\n        <div class=\"elementor-widget-wrap elementor-element-populated\">\r\n                     \r\n        \t\t<div class=\"elementor-element elementor-element-31dfb33 pxl-post-layout-portfolio-1 elementor-widget elementor-widget-pxl_post_grid\" data-id=\"31dfb33\" data-element_type=\"widget\" data-widget_type=\"pxl_post_grid.default\">\n\t\t\t\t<div class=\"elementor-widget-container\">\n\t\t\t\t\t\n<div id=\"pxl_post_grid-31dfb33-8046\" class=\"pxl-grid pxl-portfolio-grid-layout1 pxl-grid-direction pxl-grid-direction-default style2\" data-layout=\"masonry\" data-start-page=\"1\" data-max-pages=\"1\" data-total=\"4\" data-perpage=\"9\" data-next-link=\"\">\n        <div class=\"pxl-grid-inner pxl-grid-masonry row\" data-gutter=\"15\">\n        <div class=\"grid-sizer col-xxl-4 col-xl-4 col-lg-4 col-md-4 col-sm-6 col-12\"><\/div>\n                    <div class=\"pxl-grid-item col-xxl-4 col-xl-4 col-lg-4 col-md-4 col-sm-6 col-12\">\n                <div class=\"item-direction\">\n                    <div class=\"pxl-item--inner wow fadeIn\" data-wow-duration=\"1.2s\">\n                                                    <div class=\"item--featured\">\n                                <a href=\"https:\/\/datcoyapi.com\/\">\n                                    <img fetchpriority=\"high\" decoding=\"async\" width=\"1000\" height=\"760\" src=\"https:\/\/evasoftwaretechnology.com\/wp-content\/uploads\/2024\/01\/datcoyapi2.jpg\" class=\"no-lazyload attachment-full\" alt=\"\" srcset=\"https:\/\/evasoftwaretechnology.com\/wp-content\/uploads\/2024\/01\/datcoyapi2.jpg 1000w, https:\/\/evasoftwaretechnology.com\/wp-content\/uploads\/2024\/01\/datcoyapi2-300x228.jpg 300w, https:\/\/evasoftwaretechnology.com\/wp-content\/uploads\/2024\/01\/datcoyapi2-768x584.jpg 768w, https:\/\/evasoftwaretechnology.com\/wp-content\/uploads\/2024\/01\/datcoyapi2-934x710.jpg 934w\" sizes=\"(max-width: 1000px) 100vw, 1000px\" \/>                                    <div class=\"direction-element\"><\/div>\n                                <\/a>\n                            <\/div>\n                                                <div class=\"item--content\">\n                                                        <h3 class=\"item--title\"><a href=\"https:\/\/datcoyapi.com\/\">Datco Yap\u0131<\/a><\/h3>\n                        <\/div>\n                                                    <a class=\"item--button\" href=\"https:\/\/datcoyapi.com\/\">\n                                <svg xmlns=\"http:\/\/www.w3.org\/2000\/svg\" width=\"70\" height=\"70\" viewbox=\"0 0 70 70\" fill=\"none\">\n                                    <rect width=\"70\" height=\"70\" rx=\"35\"\/>\n                                    <path d=\"M29.5253 40.0507L40.2499 31.0517M40.2499 31.0517L39.6938 36.5442M40.2499 31.0517L34.7443 30.6456\" stroke-width=\"2\"\/>\n                                <\/svg>\n                            <\/a>\n                                            <\/div>\n                <\/div>\n            <\/div>\n                    <div class=\"pxl-grid-item col-xxl-4 col-xl-4 col-lg-4 col-md-4 col-sm-6 col-12\">\n                <div class=\"item-direction\">\n                    <div class=\"pxl-item--inner wow fadeIn\" data-wow-duration=\"1.2s\">\n                                                    <div class=\"item--featured\">\n                                <a href=\"https:\/\/dekoralinsaatyapi.com\/\">\n                                    <img decoding=\"async\" width=\"1000\" height=\"760\" src=\"https:\/\/evasoftwaretechnology.com\/wp-content\/uploads\/2025\/02\/dekoral.jpg\" class=\"no-lazyload attachment-full\" alt=\"\" srcset=\"https:\/\/evasoftwaretechnology.com\/wp-content\/uploads\/2025\/02\/dekoral.jpg 1000w, https:\/\/evasoftwaretechnology.com\/wp-content\/uploads\/2025\/02\/dekoral-300x228.jpg 300w, https:\/\/evasoftwaretechnology.com\/wp-content\/uploads\/2025\/02\/dekoral-768x584.jpg 768w, https:\/\/evasoftwaretechnology.com\/wp-content\/uploads\/2025\/02\/dekoral-934x710.jpg 934w\" sizes=\"(max-width: 1000px) 100vw, 1000px\" \/>                                    <div class=\"direction-element\"><\/div>\n                                <\/a>\n                            <\/div>\n                                                <div class=\"item--content\">\n                                                        <h3 class=\"item--title\"><a href=\"https:\/\/dekoralinsaatyapi.com\/\">Dekoral Yap\u0131 \u0130n\u015faat<\/a><\/h3>\n                        <\/div>\n                                                    <a class=\"item--button\" href=\"https:\/\/dekoralinsaatyapi.com\/\">\n                                <svg xmlns=\"http:\/\/www.w3.org\/2000\/svg\" width=\"70\" height=\"70\" viewbox=\"0 0 70 70\" fill=\"none\">\n                                    <rect width=\"70\" height=\"70\" rx=\"35\"\/>\n                                    <path d=\"M29.5253 40.0507L40.2499 31.0517M40.2499 31.0517L39.6938 36.5442M40.2499 31.0517L34.7443 30.6456\" stroke-width=\"2\"\/>\n                                <\/svg>\n                            <\/a>\n                                            <\/div>\n                <\/div>\n            <\/div>\n                    <div class=\"pxl-grid-item col-xxl-4 col-xl-4 col-lg-4 col-md-4 col-sm-6 col-12\">\n                <div class=\"item-direction\">\n                    <div class=\"pxl-item--inner wow fadeIn\" data-wow-duration=\"1.2s\">\n                                                    <div class=\"item--featured\">\n                                <a href=\"https:\/\/besiktas.bel.tr\/\">\n                                    <img decoding=\"async\" width=\"1000\" height=\"760\" src=\"https:\/\/evasoftwaretechnology.com\/wp-content\/uploads\/2025\/02\/besiktas-belediyesi.jpg\" class=\"no-lazyload attachment-full\" alt=\"\" srcset=\"https:\/\/evasoftwaretechnology.com\/wp-content\/uploads\/2025\/02\/besiktas-belediyesi.jpg 1000w, https:\/\/evasoftwaretechnology.com\/wp-content\/uploads\/2025\/02\/besiktas-belediyesi-300x228.jpg 300w, https:\/\/evasoftwaretechnology.com\/wp-content\/uploads\/2025\/02\/besiktas-belediyesi-768x584.jpg 768w, https:\/\/evasoftwaretechnology.com\/wp-content\/uploads\/2025\/02\/besiktas-belediyesi-934x710.jpg 934w\" sizes=\"(max-width: 1000px) 100vw, 1000px\" \/>                                    <div class=\"direction-element\"><\/div>\n                                <\/a>\n                            <\/div>\n                                                <div class=\"item--content\">\n                                                        <h3 class=\"item--title\"><a href=\"https:\/\/besiktas.bel.tr\/\">Be\u015fikta\u015f Belediyesi<\/a><\/h3>\n                        <\/div>\n                                                    <a class=\"item--button\" href=\"https:\/\/besiktas.bel.tr\/\">\n                                <svg xmlns=\"http:\/\/www.w3.org\/2000\/svg\" width=\"70\" height=\"70\" viewbox=\"0 0 70 70\" fill=\"none\">\n                                    <rect width=\"70\" height=\"70\" rx=\"35\"\/>\n                                    <path d=\"M29.5253 40.0507L40.2499 31.0517M40.2499 31.0517L39.6938 36.5442M40.2499 31.0517L34.7443 30.6456\" stroke-width=\"2\"\/>\n                                <\/svg>\n                            <\/a>\n                                            <\/div>\n                <\/div>\n            <\/div>\n                    <div class=\"pxl-grid-item col-xxl-4 col-xl-4 col-lg-4 col-md-4 col-sm-6 col-12\">\n                <div class=\"item-direction\">\n                    <div class=\"pxl-item--inner wow fadeIn\" data-wow-duration=\"1.2s\">\n                                                    <div class=\"item--featured\">\n                                <a href=\"https:\/\/beyoglu.bel.tr\/\">\n                                    <img loading=\"lazy\" decoding=\"async\" width=\"1000\" height=\"760\" src=\"https:\/\/evasoftwaretechnology.com\/wp-content\/uploads\/2025\/02\/beyoglu-belediyesi.jpg\" class=\"no-lazyload attachment-full\" alt=\"\" srcset=\"https:\/\/evasoftwaretechnology.com\/wp-content\/uploads\/2025\/02\/beyoglu-belediyesi.jpg 1000w, https:\/\/evasoftwaretechnology.com\/wp-content\/uploads\/2025\/02\/beyoglu-belediyesi-300x228.jpg 300w, https:\/\/evasoftwaretechnology.com\/wp-content\/uploads\/2025\/02\/beyoglu-belediyesi-768x584.jpg 768w, https:\/\/evasoftwaretechnology.com\/wp-content\/uploads\/2025\/02\/beyoglu-belediyesi-934x710.jpg 934w\" sizes=\"(max-width: 1000px) 100vw, 1000px\" \/>                                    <div class=\"direction-element\"><\/div>\n                                <\/a>\n                            <\/div>\n                                                <div class=\"item--content\">\n                                                        <h3 class=\"item--title\"><a href=\"https:\/\/beyoglu.bel.tr\/\">Beyo\u011flu Belediyesi<\/a><\/h3>\n                        <\/div>\n                                                    <a class=\"item--button\" href=\"https:\/\/beyoglu.bel.tr\/\">\n                                <svg xmlns=\"http:\/\/www.w3.org\/2000\/svg\" width=\"70\" height=\"70\" viewbox=\"0 0 70 70\" fill=\"none\">\n                                    <rect width=\"70\" height=\"70\" rx=\"35\"\/>\n                                    <path d=\"M29.5253 40.0507L40.2499 31.0517M40.2499 31.0517L39.6938 36.5442M40.2499 31.0517L34.7443 30.6456\" stroke-width=\"2\"\/>\n                                <\/svg>\n                            <\/a>\n                                            <\/div>\n                <\/div>\n            <\/div>\n            <\/div>\n    <div class=\"pxl-grid-no-results\">No matching results.<\/div>\n            <div class=\"pxl-grid-pagination\" data-loadmore=\"{&quot;post_type&quot;:&quot;portfolio&quot;,&quot;layout&quot;:&quot;portfolio-1&quot;,&quot;layout_mode&quot;:&quot;masonry&quot;,&quot;startPage&quot;:1,&quot;maxPages&quot;:1,&quot;total&quot;:4,&quot;perpage&quot;:9,&quot;nextLink&quot;:&quot;&quot;,&quot;source&quot;:[],&quot;orderby&quot;:&quot;date&quot;,&quot;order&quot;:&quot;asc&quot;,&quot;limit&quot;:9,&quot;post_ids&quot;:&quot;&quot;,&quot;col_xxl&quot;:4,&quot;col_xl&quot;:4,&quot;col_lg&quot;:4,&quot;col_md&quot;:4,&quot;col_sm&quot;:6,&quot;col_xs&quot;:12,&quot;pagination_type&quot;:&quot;pagination&quot;,&quot;style&quot;:&quot;style2&quot;,&quot;show_category&quot;:&quot;&quot;,&quot;show_button&quot;:&quot;true&quot;,&quot;img_size&quot;:&quot;full&quot;,&quot;grid_masonry&quot;:[{&quot;_id&quot;:&quot;8a44624&quot;,&quot;col_xs_m&quot;:&quot;12&quot;,&quot;col_sm_m&quot;:&quot;6&quot;,&quot;col_md_m&quot;:&quot;6&quot;,&quot;col_xl_m&quot;:&quot;3&quot;,&quot;img_size_m&quot;:&quot;306x526&quot;,&quot;col_lg_m&quot;:&quot;4&quot;}],&quot;pxl_animate&quot;:&quot;wow fadeIn&quot;,&quot;tax&quot;:[]}\" data-query=\"{&quot;post_type&quot;:&quot;portfolio&quot;,&quot;post_status&quot;:&quot;publish&quot;,&quot;posts_per_page&quot;:9,&quot;order&quot;:&quot;asc&quot;,&quot;orderby&quot;:&quot;date&quot;,&quot;tax_query&quot;:{&quot;relation&quot;:&quot;OR&quot;},&quot;post__not_in&quot;:[3359]}\">\n                    <\/div>\n        <\/div>\t\t\t\t<\/div>\n\t\t\t\t<\/div>\n\t\t            <\/div>\r\n        <\/div>\r\n        \t\t\t<\/div>\n\t\t<\/section>\n\t\t\t\t<\/div>","protected":false},"excerpt":{"rendered":"<p>Datco Yap\u0131 Aka Gayrimenkul Dan\u0131\u015fmanl\u0131k Dekoral Yap\u0131 \u0130n\u015faat Be\u015fikta\u015f Belediyesi Beyo\u011flu Belediyesi No matching results.<\/p>","protected":false},"author":1,"featured_media":0,"parent":0,"menu_order":0,"comment_status":"closed","ping_status":"closed","template":"","meta":{"footnotes":"","_links_to":"","_links_to_target":""},"class_list":["post-3359","page","type-page","status-publish","hentry"],"aioseo_notices":[],"_links":{"self":[{"href":"https:\/\/evasoftwaretechnology.com\/en\/wp-json\/wp\/v2\/pages\/3359","targetHints":{"allow":["GET"]}}],"collection":[{"href":"https:\/\/evasoftwaretechnology.com\/en\/wp-json\/wp\/v2\/pages"}],"about":[{"href":"https:\/\/evasoftwaretechnology.com\/en\/wp-json\/wp\/v2\/types\/page"}],"author":[{"embeddable":true,"href":"https:\/\/evasoftwaretechnology.com\/en\/wp-json\/wp\/v2\/users\/1"}],"replies":[{"embeddable":true,"href":"https:\/\/evasoftwaretechnology.com\/en\/wp-json\/wp\/v2\/comments?post=3359"}],"version-history":[{"count":9,"href":"https:\/\/evasoftwaretechnology.com\/en\/wp-json\/wp\/v2\/pages\/3359\/revisions"}],"predecessor-version":[{"id":6006,"href":"https:\/\/evasoftwaretechnology.com\/en\/wp-json\/wp\/v2\/pages\/3359\/revisions\/6006"}],"wp:attachment":[{"href":"https:\/\/evasoftwaretechnology.com\/en\/wp-json\/wp\/v2\/media?parent=3359"}],"curies":[{"name":"wp","href":"https:\/\/api.w.org\/{rel}","templated":true}]}}