{"id":3585,"date":"2024-01-07T00:52:51","date_gmt":"2024-01-07T00:52:51","guid":{"rendered":"https:\/\/demo.bravisthemes.com\/kaitex\/?page_id=3585"},"modified":"2025-02-13T09:36:03","modified_gmt":"2025-02-13T09:36:03","slug":"our-services","status":"publish","type":"page","link":"https:\/\/evasoftwaretechnology.com\/en\/our-services\/","title":{"rendered":"Services"},"content":{"rendered":"<div data-elementor-type=\"wp-page\" data-elementor-id=\"3585\" class=\"elementor elementor-3585\">\n\t\t\t\t        <section class=\"elementor-section elementor-top-section elementor-element elementor-element-146aa56 elementor-section-boxed elementor-section-height-default elementor-section-height-default pxl-row-scroll-none pxl-section-bg-none\" data-id=\"146aa56\" data-element_type=\"section\">\n\n                \n                <div class=\"elementor-container elementor-column-gap-default\">\n                <div class=\"elementor-column elementor-col-100 elementor-top-column elementor-element elementor-element-4023c67 pxl-column-none\" data-id=\"4023c67\" data-element_type=\"column\">\r\n        <div class=\"elementor-widget-wrap elementor-element-populated\">\r\n                     \r\n        \t\t<div class=\"elementor-element elementor-element-2906104 pxl-post-layout-service-2 elementor-widget elementor-widget-pxl_post_grid\" data-id=\"2906104\" data-element_type=\"widget\" data-widget_type=\"pxl_post_grid.default\">\n\t\t\t\t<div class=\"elementor-widget-container\">\n\t\t\t\t\t\n<div id=\"pxl_post_grid-2906104-9111\" class=\"pxl-grid pxl-service-grid pxl-service-grid-layout2\" data-layout=\"masonry\" data-start-page=\"1\" data-max-pages=\"1\" data-total=\"6\" data-perpage=\"6\" data-next-link=\"\">\n    \n    <div class=\"pxl-grid-inner pxl-grid-masonry row\" data-gutter=\"15\">\n        <div class=\"grid-sizer col-xxl-4 col-xl-4 col-lg-6 col-md-6 col-sm-12 col-12\"><\/div>\n                    <div class=\"pxl-grid-item col-xxl-4 col-xl-4 col-lg-6 col-md-6 col-sm-12 col-12\">\n                <div class=\"pxl-item--inner wow fadeInUp\" data-wow-duration=\"1.2s\">\n                                                                <div class=\"item--icon\">\n                            <img decoding=\"async\" src=\"https:\/\/evasoftwaretechnology.com\/wp-content\/uploads\/2024\/01\/service-01-a.webp\" class=\"logo-01 pxl-no-grayscale attachment-full\" alt=\"service-01-a\" \/>                        <\/div>\n                                        <h4 class=\"item--title\">\n                        <a href=\"https:\/\/evasoftwaretechnology.com\/en\/hizmetler\/yazilim-projeleri\/\">\n                            Software Project                        <\/a>\n                    <\/h4>\n                                            <div class=\"item--excerpt\" >\n                            To be different, to make a difference, to provide quality service.                        <\/div>\n                                                                <div class=\"item--featured\">\n                            <img decoding=\"async\" width=\"211\" height=\"151\" src=\"https:\/\/evasoftwaretechnology.com\/wp-content\/uploads\/2024\/01\/service-img-01.webp\" class=\"no-lazyload attachment-full\" alt=\"service-img-01\" \/>                        <\/div>\n                                                                <a class=\"item--button btn-default style2\" href=\"https:\/\/evasoftwaretechnology.com\/en\/hizmetler\/yazilim-projeleri\/\" aria-label=\"Detail\">\n                            <span class=\"btn-text\">\n                                Detail                            <\/span>\n                        <\/a>\n                                    <\/div>\n            <\/div>\n                    <div class=\"pxl-grid-item col-xxl-4 col-xl-4 col-lg-6 col-md-6 col-sm-12 col-12\">\n                <div class=\"pxl-item--inner wow fadeInUp\" data-wow-duration=\"1.2s\">\n                                                                <div class=\"item--icon\">\n                            <img decoding=\"async\" src=\"https:\/\/evasoftwaretechnology.com\/wp-content\/uploads\/2024\/01\/service-05-a.webp\" class=\"logo-01 pxl-no-grayscale attachment-full\" alt=\"service-05-a\" \/>                        <\/div>\n                                        <h4 class=\"item--title\">\n                        <a href=\"https:\/\/evasoftwaretechnology.com\/en\/hizmetler\/ux-ui-design\/\">\n                            Ux\/UI Design                        <\/a>\n                    <\/h4>\n                                            <div class=\"item--excerpt\" >\n                            User experience (UX) is a product of user interface design (UI)                        <\/div>\n                                                                <div class=\"item--featured\">\n                            <img decoding=\"async\" width=\"211\" height=\"159\" src=\"https:\/\/evasoftwaretechnology.com\/wp-content\/uploads\/2024\/01\/service-img-02.webp\" class=\"no-lazyload attachment-full\" alt=\"service-img-02\" \/>                        <\/div>\n                                                                <a class=\"item--button btn-default style2\" href=\"https:\/\/evasoftwaretechnology.com\/en\/hizmetler\/ux-ui-design\/\" aria-label=\"Detail\">\n                            <span class=\"btn-text\">\n                                Detail                            <\/span>\n                        <\/a>\n                                    <\/div>\n            <\/div>\n                    <div class=\"pxl-grid-item col-xxl-4 col-xl-4 col-lg-6 col-md-6 col-sm-12 col-12\">\n                <div class=\"pxl-item--inner wow fadeInUp\" data-wow-duration=\"1.2s\">\n                                                                <div class=\"item--icon\">\n                            <img decoding=\"async\" src=\"https:\/\/evasoftwaretechnology.com\/wp-content\/uploads\/2024\/01\/service-04-a.webp\" class=\"logo-01 pxl-no-grayscale attachment-full\" alt=\"service-04-a\" \/>                        <\/div>\n                                        <h4 class=\"item--title\">\n                        <a href=\"https:\/\/evasoftwaretechnology.com\/en\/hizmetler\/mobil-app-android-ios\/\">\n                            Mobil App Android &amp;  IOS                        <\/a>\n                    <\/h4>\n                                            <div class=\"item--excerpt\" >\n                            Your brand that we will touch with a creative perspective                        <\/div>\n                                                                <div class=\"item--featured\">\n                            <img decoding=\"async\" width=\"211\" height=\"155\" src=\"https:\/\/evasoftwaretechnology.com\/wp-content\/uploads\/2024\/01\/service-img-04.webp\" class=\"no-lazyload attachment-full\" alt=\"service-img-04\" \/>                        <\/div>\n                                                                <a class=\"item--button btn-default style2\" href=\"https:\/\/evasoftwaretechnology.com\/en\/hizmetler\/mobil-app-android-ios\/\" aria-label=\"Detail\">\n                            <span class=\"btn-text\">\n                                Detail                            <\/span>\n                        <\/a>\n                                    <\/div>\n            <\/div>\n                    <div class=\"pxl-grid-item col-xxl-4 col-xl-4 col-lg-6 col-md-6 col-sm-12 col-12\">\n                <div class=\"pxl-item--inner wow fadeInUp\" data-wow-duration=\"1.2s\">\n                                                                <div class=\"item--icon\">\n                            <img decoding=\"async\" src=\"https:\/\/evasoftwaretechnology.com\/wp-content\/uploads\/2024\/01\/service-06-a.webp\" class=\"logo-01 pxl-no-grayscale attachment-full\" alt=\"service-06-a\" \/>                        <\/div>\n                                        <h4 class=\"item--title\">\n                        <a href=\"https:\/\/evasoftwaretechnology.com\/en\/hizmetler\/web-teknolojileri\/\">\n                            Web Technologies                        <\/a>\n                    <\/h4>\n                                            <div class=\"item--excerpt\" >\n                            Provides Corporate Web Technology solutions.                        <\/div>\n                                                                <div class=\"item--featured\">\n                            <img loading=\"lazy\" decoding=\"async\" width=\"211\" height=\"156\" src=\"https:\/\/evasoftwaretechnology.com\/wp-content\/uploads\/2024\/01\/service-img-03.webp\" class=\"no-lazyload attachment-full\" alt=\"service-img-03\" \/>                        <\/div>\n                                                                <a class=\"item--button btn-default style2\" href=\"https:\/\/evasoftwaretechnology.com\/en\/hizmetler\/web-teknolojileri\/\" aria-label=\"Detail\">\n                            <span class=\"btn-text\">\n                                Detail                            <\/span>\n                        <\/a>\n                                    <\/div>\n            <\/div>\n                    <div class=\"pxl-grid-item col-xxl-4 col-xl-4 col-lg-6 col-md-6 col-sm-12 col-12\">\n                <div class=\"pxl-item--inner wow fadeInUp\" data-wow-duration=\"1.2s\">\n                                                                <div class=\"item--icon\">\n                            <img decoding=\"async\" src=\"https:\/\/evasoftwaretechnology.com\/wp-content\/uploads\/2024\/01\/service-02-a.webp\" class=\"logo-01 pxl-no-grayscale attachment-full\" alt=\"service-02-a\" \/>                        <\/div>\n                                        <h4 class=\"item--title\">\n                        <a href=\"https:\/\/evasoftwaretechnology.com\/en\/hizmetler\/marka-stratejisi\/\">\n                            Brand Strategy                        <\/a>\n                    <\/h4>\n                                            <div class=\"item--excerpt\" >\n                            Corporate identity is consistent for your organization..                        <\/div>\n                                                                <div class=\"item--featured\">\n                            <img loading=\"lazy\" decoding=\"async\" width=\"211\" height=\"158\" src=\"https:\/\/evasoftwaretechnology.com\/wp-content\/uploads\/2024\/01\/service-img-05.webp\" class=\"no-lazyload attachment-full\" alt=\"service-img-05\" \/>                        <\/div>\n                                                                <a class=\"item--button btn-default style2\" href=\"https:\/\/evasoftwaretechnology.com\/en\/hizmetler\/marka-stratejisi\/\" aria-label=\"Detail\">\n                            <span class=\"btn-text\">\n                                Detail                            <\/span>\n                        <\/a>\n                                    <\/div>\n            <\/div>\n                    <div class=\"pxl-grid-item col-xxl-4 col-xl-4 col-lg-6 col-md-6 col-sm-12 col-12\">\n                <div class=\"pxl-item--inner wow fadeInUp\" data-wow-duration=\"1.2s\">\n                                                                <div class=\"item--icon\">\n                            <img decoding=\"async\" src=\"https:\/\/evasoftwaretechnology.com\/wp-content\/uploads\/2024\/01\/service-01-a.webp\" class=\"logo-01 pxl-no-grayscale attachment-full\" alt=\"service-01-a\" \/>                        <\/div>\n                                        <h4 class=\"item--title\">\n                        <a href=\"https:\/\/evasoftwaretechnology.com\/en\/hizmetler\/reklam-yonetimi\/\">\n                            Ads Management                        <\/a>\n                    <\/h4>\n                                            <div class=\"item--excerpt\" >\n                            Advertising management, advertising strategies..                        <\/div>\n                                                                <div class=\"item--featured\">\n                            <img loading=\"lazy\" decoding=\"async\" width=\"211\" height=\"153\" src=\"https:\/\/evasoftwaretechnology.com\/wp-content\/uploads\/2024\/01\/service-img-06.webp\" class=\"no-lazyload attachment-full\" alt=\"service-img-06\" \/>                        <\/div>\n                                                                <a class=\"item--button btn-default style2\" href=\"https:\/\/evasoftwaretechnology.com\/en\/hizmetler\/reklam-yonetimi\/\" aria-label=\"Detail\">\n                            <span class=\"btn-text\">\n                                Detail                            <\/span>\n                        <\/a>\n                                    <\/div>\n            <\/div>\n            <\/div>\n    <div class=\"pxl-grid-no-results\">No matching results.<\/div>\n        <\/div>\t\t\t\t<\/div>\n\t\t\t\t<\/div>\n\t\t            <\/div>\r\n        <\/div>\r\n        \t\t\t<\/div>\n\t\t<\/section>\n\t\t\t\t<\/div>","protected":false},"excerpt":{"rendered":"<p>Yaz\u0131l\u0131m Projeleri Farkl\u0131 olmak, fark yaratmak, kaliteli hizmet vermek i\u00e7in Detaylar Ux\/UI Design Kullan\u0131c\u0131 deneyimi (UX), kullan\u0131c\u0131 aray\u00fcz tasar\u0131m\u0131na ( UI ) Detaylar Mobil App Android &amp; IOS Kreatif bak\u0131\u015f a\u00e7\u0131s\u0131yla dokunu\u015flar yapaca\u011f\u0131m\u0131z markan\u0131z Detaylar Web Teknolojileri Kurumsal Web Teknoloji \u00e7\u00f6z\u00fcmleri sunar. Detaylar Marka Stratejisi Kurumsal kimlik kurumunuz i\u00e7in tutarl\u0131 .. Detaylar Reklam Y\u00f6netimi Reklam [&hellip;]<\/p>","protected":false},"author":1,"featured_media":6019,"parent":0,"menu_order":0,"comment_status":"closed","ping_status":"closed","template":"","meta":{"footnotes":"","_links_to":"","_links_to_target":""},"class_list":["post-3585","page","type-page","status-publish","has-post-thumbnail","hentry"],"aioseo_notices":[],"_links":{"self":[{"href":"https:\/\/evasoftwaretechnology.com\/en\/wp-json\/wp\/v2\/pages\/3585","targetHints":{"allow":["GET"]}}],"collection":[{"href":"https:\/\/evasoftwaretechnology.com\/en\/wp-json\/wp\/v2\/pages"}],"about":[{"href":"https:\/\/evasoftwaretechnology.com\/en\/wp-json\/wp\/v2\/types\/page"}],"author":[{"embeddable":true,"href":"https:\/\/evasoftwaretechnology.com\/en\/wp-json\/wp\/v2\/users\/1"}],"replies":[{"embeddable":true,"href":"https:\/\/evasoftwaretechnology.com\/en\/wp-json\/wp\/v2\/comments?post=3585"}],"version-history":[{"count":13,"href":"https:\/\/evasoftwaretechnology.com\/en\/wp-json\/wp\/v2\/pages\/3585\/revisions"}],"predecessor-version":[{"id":5787,"href":"https:\/\/evasoftwaretechnology.com\/en\/wp-json\/wp\/v2\/pages\/3585\/revisions\/5787"}],"wp:featuredmedia":[{"embeddable":true,"href":"https:\/\/evasoftwaretechnology.com\/en\/wp-json\/wp\/v2\/media\/6019"}],"wp:attachment":[{"href":"https:\/\/evasoftwaretechnology.com\/en\/wp-json\/wp\/v2\/media?parent=3585"}],"curies":[{"name":"wp","href":"https:\/\/api.w.org\/{rel}","templated":true}]}}