{"id":96,"date":"2023-11-20T08:23:03","date_gmt":"2023-11-20T08:23:03","guid":{"rendered":"https:\/\/demo.bravisthemes.com\/kaitex\/?page_id=96"},"modified":"2025-02-12T20:36:55","modified_gmt":"2025-02-12T20:36:55","slug":"hakkimizda","status":"publish","type":"page","link":"https:\/\/evasoftwaretechnology.com\/en\/hakkimizda\/","title":{"rendered":"About"},"content":{"rendered":"<div data-elementor-type=\"wp-page\" data-elementor-id=\"96\" class=\"elementor elementor-96\">\n\t\t\t\t        <section class=\"elementor-section elementor-top-section elementor-element elementor-element-bc21ba2 elementor-section-boxed elementor-section-height-default elementor-section-height-default pxl-row-scroll-none pxl-section-bg-none\" data-id=\"bc21ba2\" data-element_type=\"section\">\n\n                \n                <div class=\"elementor-container elementor-column-gap-default\">\n                <div class=\"elementor-column elementor-col-100 elementor-top-column elementor-element elementor-element-671ad98 pxl-column-none\" data-id=\"671ad98\" data-element_type=\"column\">\r\n        <div class=\"elementor-widget-wrap elementor-element-populated\">\r\n                     \r\n        \t\t<div class=\"elementor-element elementor-element-38bd81e elementor-widget elementor-widget-pxl_heading\" data-id=\"38bd81e\" data-element_type=\"widget\" data-widget_type=\"pxl_heading.default\">\n\t\t\t\t<div class=\"elementor-widget-container\">\n\t\t\t\t\t<div class=\"pxl-heading\">\n\t<div class=\"pxl-heading--inner\">\n\t\t\t\t\t\t\t<h1 class=\"pxl-item--title heading-style1\" data-wow-delay=\"ms\" data-wow-duration=\"1.2s\" >\n\t\t\t\tAbout\t\t\t<\/h1>\n\t\t\t<\/div>\n<\/div>\n\t\t\t\t<\/div>\n\t\t\t\t<\/div>\n\t\t            <\/div>\r\n        <\/div>\r\n        \t\t\t<\/div>\n\t\t<\/section>\n\t\t        <section class=\"elementor-section elementor-top-section elementor-element elementor-element-a17ad15 elementor-section-boxed elementor-section-height-default elementor-section-height-default pxl-row-scroll-none pxl-section-bg-none\" data-id=\"a17ad15\" data-element_type=\"section\">\n\n                \n                <div class=\"elementor-container elementor-column-gap-default\">\n                <div class=\"elementor-column elementor-col-100 elementor-top-column elementor-element elementor-element-31be0b5 pxl-column-none\" data-id=\"31be0b5\" data-element_type=\"column\">\r\n        <div class=\"elementor-widget-wrap elementor-element-populated\">\r\n                     \r\n        \t\t<div class=\"elementor-element elementor-element-3c36b8a elementor-widget elementor-widget-pxl_heading\" data-id=\"3c36b8a\" data-element_type=\"widget\" data-widget_type=\"pxl_heading.default\">\n\t\t\t\t<div class=\"elementor-widget-container\">\n\t\t\t\t\t<div class=\"pxl-heading\">\n\t<div class=\"pxl-heading--inner\">\n\t\t\t\t\t\t\t<h4 class=\"pxl-item--title heading-style1\" data-wow-delay=\"ms\" data-wow-duration=\"1.2s\" >\n\t\t\t\tReveal Your Difference, Draw Attention to You!\t\t\t<\/h4>\n\t\t\t<\/div>\n<\/div>\n\t\t\t\t<\/div>\n\t\t\t\t<\/div>\n\t\t\t\t<div class=\"elementor-element elementor-element-d3099ba elementor-widget-tablet_extra__width-initial elementor-widget elementor-widget-pxl_text_editor\" data-id=\"d3099ba\" data-element_type=\"widget\" data-widget_type=\"pxl_text_editor.default\">\n\t\t\t\t<div class=\"elementor-widget-container\">\n\t\t\t\t\t<div class=\"pxl-text-editor style1\" data-wow-delay=\"ms\" data-wow-duration=\"1.2s\">\n\t<div class=\"pxl-item--inner\">\n\t\t<p>Eva Software Technology is a reliable business partner with its innovative software solutions and technology-oriented services. We offer specific solutions for different sectors to optimize your business processes, increase your efficiency and accelerate your digital transformation.<\/p><p>Scale doesn't matter to us. We approach every business, small or large, with the same care, and aim to bring out the potential of your brand in the best way by bringing ideas, art and software together. We analyze our customers' dreams, develop tailored solutions and enable them to make a difference.<\/p><p>Meet us to take a strong step in innovation and software!<\/p>\t<\/div>\n<\/div>\n\t\t\t\t<\/div>\n\t\t\t\t<\/div>\n\t\t            <\/div>\r\n        <\/div>\r\n        \t\t\t<\/div>\n\t\t<\/section>\n\t\t        <section class=\"elementor-section elementor-top-section elementor-element elementor-element-73787e1 elementor-reverse-tablet elementor-reverse-mobile_extra elementor-reverse-mobile elementor-section-boxed elementor-section-height-default elementor-section-height-default pxl-row-scroll-none pxl-section-bg-none\" data-id=\"73787e1\" data-element_type=\"section\">\n\n                \n                <div class=\"elementor-container elementor-column-gap-default\">\n                <div class=\"elementor-column elementor-col-50 elementor-top-column elementor-element elementor-element-3b0eba9 pxl-column-none\" data-id=\"3b0eba9\" data-element_type=\"column\">\r\n        <div class=\"elementor-widget-wrap elementor-element-populated\">\r\n                     \r\n        \t\t<div class=\"elementor-element elementor-element-f5ec458 elementor-widget elementor-widget-pxl_meta_box\" data-id=\"f5ec458\" data-element_type=\"widget\" data-widget_type=\"pxl_meta_box.default\">\n\t\t\t\t<div class=\"elementor-widget-container\">\n\t\t\t\t\t<div class=\"pxl-meta-box pxl-meta-box1\" data-wow-delay=\"ms\" data-wow-duration=\"1.2s\">\r\n    <div class=\"pxl-item--inner\">\r\n        <div class=\"pxl-item--content\">\r\n                            <div class=\"list--item\">\r\n                    <div class=\"item--icon\"><\/div>\r\n                                            <div class=\"item--content\">\r\n                                                            <h4 class=\"item--title el-empty\">\r\n                                     <a href=\"https:\/\/evasoftwaretechnology.com\/en\/contact\/\">                                     Who are we?                                     <\/a>                                 <\/h4>\r\n                                                                                        <div class=\"item--description\">\r\n                                    We are two companions who pursue things they love passionately. \nWhen our paths crossed, we drew a long path for ourselves by combining our beliefs and goals: \"On this path we believe in, without losing our fighting spirit, we will write the digital story of everyone who needs technology and be their solution partner.\"\n                                <\/div>\r\n                                                    <\/div>\r\n                                                                <a class=\"item--button\" href=\"https:\/\/evasoftwaretechnology.com\/en\/contact\/\">\r\n                            <svg xmlns=\"http:\/\/www.w3.org\/2000\/svg\" width=\"14\" height=\"12\" viewbox=\"0 0 14 12\" fill=\"none\">\r\n                                <path d=\"M1.52527 11.0507L12.2499 2.0517M12.2499 2.0517L11.6938 7.54418M12.2499 2.0517L6.74429 1.64564\" stroke=\"#1A1A1A\" stroke-width=\"2\"\/>\r\n                            <\/svg>\r\n                            <svg xmlns=\"http:\/\/www.w3.org\/2000\/svg\" width=\"14\" height=\"12\" viewbox=\"0 0 14 12\" fill=\"none\">\r\n                                <path d=\"M1.52527 11.0507L12.2499 2.0517M12.2499 2.0517L11.6938 7.54418M12.2499 2.0517L6.74429 1.64564\" stroke=\"#1A1A1A\" stroke-width=\"2\"\/>\r\n                            <\/svg>\r\n                        <\/a>\r\n                                    <\/div>\r\n                            <div class=\"list--item\">\r\n                    <div class=\"item--icon\"><\/div>\r\n                                            <div class=\"item--content\">\r\n                                                            <h4 class=\"item--title el-empty\">\r\n                                     <a href=\"https:\/\/evasoftwaretechnology.com\/en\/contact\/\">                                     What Do We Do?                                     <\/a>                                 <\/h4>\r\n                                                                                        <div class=\"item--description\">\r\n                                    By putting technology and our spirit at the center of our business, we enable our business partners to take solid steps in the digital world with user-friendly and innovative solutions. \nWe develop web and mobile applications with the artificial intelligence experts and experienced software developers in our team, and open doors to the future for brands that push the limits.\n                                <\/div>\r\n                                                    <\/div>\r\n                                                                <a class=\"item--button\" href=\"https:\/\/evasoftwaretechnology.com\/en\/contact\/\">\r\n                            <svg xmlns=\"http:\/\/www.w3.org\/2000\/svg\" width=\"14\" height=\"12\" viewbox=\"0 0 14 12\" fill=\"none\">\r\n                                <path d=\"M1.52527 11.0507L12.2499 2.0517M12.2499 2.0517L11.6938 7.54418M12.2499 2.0517L6.74429 1.64564\" stroke=\"#1A1A1A\" stroke-width=\"2\"\/>\r\n                            <\/svg>\r\n                            <svg xmlns=\"http:\/\/www.w3.org\/2000\/svg\" width=\"14\" height=\"12\" viewbox=\"0 0 14 12\" fill=\"none\">\r\n                                <path d=\"M1.52527 11.0507L12.2499 2.0517M12.2499 2.0517L11.6938 7.54418M12.2499 2.0517L6.74429 1.64564\" stroke=\"#1A1A1A\" stroke-width=\"2\"\/>\r\n                            <\/svg>\r\n                        <\/a>\r\n                                    <\/div>\r\n                    <\/div>\r\n        <div class=\"pxl-item--footer\">\r\n                                <\/div>\r\n    <\/div>\r\n<\/div>\t\t\t\t<\/div>\n\t\t\t\t<\/div>\n\t\t            <\/div>\r\n        <\/div>\r\n                <div class=\"elementor-column elementor-col-50 elementor-top-column elementor-element elementor-element-56304ff pxl-column-none\" data-id=\"56304ff\" data-element_type=\"column\">\r\n        <div class=\"elementor-widget-wrap elementor-element-populated\">\r\n                     \r\n        \t\t<div class=\"elementor-element elementor-element-d631f8e elementor-widget__width-auto elementor-widget elementor-widget-pxl_image_box\" data-id=\"d631f8e\" data-element_type=\"widget\" data-widget_type=\"pxl_image_box.default\">\n\t\t\t\t<div class=\"elementor-widget-container\">\n\t\t\t\t\t<div class=\"pxl-image-box pxl-image-box2\" data-wow-delay=\"ms\" data-wow-duration=\"1.2s\">\r\n    <div class=\"pxl-item--inner\">\r\n                    <div class=\"item--bottom\">\r\n                <img fetchpriority=\"high\" decoding=\"async\" width=\"800\" height=\"600\" src=\"https:\/\/evasoftwaretechnology.com\/wp-content\/uploads\/2024\/01\/mobil-app.jpg\" class=\"no-lazyload attachment-full\" alt=\"\" srcset=\"https:\/\/evasoftwaretechnology.com\/wp-content\/uploads\/2024\/01\/mobil-app.jpg 800w, https:\/\/evasoftwaretechnology.com\/wp-content\/uploads\/2024\/01\/mobil-app-300x225.jpg 300w, https:\/\/evasoftwaretechnology.com\/wp-content\/uploads\/2024\/01\/mobil-app-768x576.jpg 768w\" sizes=\"(max-width: 800px) 100vw, 800px\" \/>            <\/div>\r\n                            <div class=\"item--image bg-image\" style=\"-webkit-mask-image: url(https:\/\/evasoftwaretechnology.com\/wp-content\/uploads\/2023\/12\/imagebox-bg-02-mask.webp); --data-background-image: url(https:\/\/evasoftwaretechnology.com\/wp-content\/uploads\/2024\/01\/mobile-app-design.png); --data-rotate:0deg;\">\r\n            <\/div>\r\n                <svg width=\"526\" height=\"631\" viewbox=\"0 0 526 631\" fill=\"none\" xmlns=\"http:\/\/www.w3.org\/2000\/svg\">\r\n            <rect x=\"266.5\" y=\"0.5\" width=\"99\" height=\"630\" stroke=\"#F0F0F0\"\/>\r\n            <rect x=\"169.5\" y=\"0.5\" width=\"293\" height=\"630\" stroke=\"#F0F0F0\"\/>\r\n            <rect x=\"72.5\" y=\"0.5\" width=\"453\" height=\"630\" stroke=\"#F0F0F0\"\/>\r\n            <rect x=\"0.5\" y=\"0.5\" width=\"525\" height=\"630\" stroke=\"#F0F0F0\"\/>\r\n            <rect x=\"0.5\" y=\"77.5\" width=\"525\" height=\"489\" stroke=\"#F0F0F0\"\/>\r\n            <rect x=\"0.5\" y=\"213.5\" width=\"525\" height=\"237\" stroke=\"#F0F0F0\"\/>\r\n            <rect x=\"0.25\" y=\"337.25\" width=\"525.5\" height=\"0.5\" stroke=\"#F0F0F0\" stroke-width=\"0.5\"\/>\r\n            <rect x=\"463\" width=\"63\" height=\"54\" fill=\"#F0F0F0\"\/>\r\n            <rect x=\"366\" y=\"427\" width=\"97\" height=\"73\" fill=\"#F0F0F0\"\/>\r\n            <rect y=\"427\" width=\"72\" height=\"74\" fill=\"#F0F0F0\"\/>\r\n            <rect y=\"567\" width=\"72\" height=\"64\" fill=\"#F0F0F0\"\/>\r\n            <rect y=\"117\" width=\"72\" height=\"74\" fill=\"#F0F0F0\"\/>\r\n        <\/svg>\r\n    <\/div>\r\n    <\/div>\t\t\t\t<\/div>\n\t\t\t\t<\/div>\n\t\t            <\/div>\r\n        <\/div>\r\n        \t\t\t<\/div>\n\t\t<\/section>\n\t\t        <section class=\"elementor-section elementor-top-section elementor-element elementor-element-19f5355 elementor-reverse-tablet elementor-reverse-mobile_extra elementor-reverse-mobile elementor-section-boxed elementor-section-height-default elementor-section-height-default pxl-row-scroll-none pxl-section-bg-none\" data-id=\"19f5355\" data-element_type=\"section\">\n\n                \n                <div class=\"elementor-container elementor-column-gap-default\">\n                <div class=\"elementor-column elementor-col-50 elementor-top-column elementor-element elementor-element-90dad66 pxl-column-none\" data-id=\"90dad66\" data-element_type=\"column\">\r\n        <div class=\"elementor-widget-wrap elementor-element-populated\">\r\n                     \r\n        \t\t<div class=\"elementor-element elementor-element-0083ccc elementor-widget__width-auto elementor-widget elementor-widget-pxl_image_box\" data-id=\"0083ccc\" data-element_type=\"widget\" data-widget_type=\"pxl_image_box.default\">\n\t\t\t\t<div class=\"elementor-widget-container\">\n\t\t\t\t\t<div class=\"pxl-image-box pxl-image-box2\" data-wow-delay=\"ms\" data-wow-duration=\"1.2s\">\r\n    <div class=\"pxl-item--inner\">\r\n                    <div class=\"item--bottom\">\r\n                <img decoding=\"async\" width=\"800\" height=\"600\" src=\"https:\/\/evasoftwaretechnology.com\/wp-content\/uploads\/2024\/01\/mobil-app2-2.jpg\" class=\"no-lazyload attachment-full\" alt=\"\" srcset=\"https:\/\/evasoftwaretechnology.com\/wp-content\/uploads\/2024\/01\/mobil-app2-2.jpg 800w, https:\/\/evasoftwaretechnology.com\/wp-content\/uploads\/2024\/01\/mobil-app2-2-300x225.jpg 300w, https:\/\/evasoftwaretechnology.com\/wp-content\/uploads\/2024\/01\/mobil-app2-2-768x576.jpg 768w\" sizes=\"(max-width: 800px) 100vw, 800px\" \/>            <\/div>\r\n                            <div class=\"item--image bg-image\" style=\"-webkit-mask-image: url(https:\/\/evasoftwaretechnology.com\/wp-content\/uploads\/2023\/12\/imagebox-bg-02-mask.webp); --data-background-image: url(https:\/\/evasoftwaretechnology.com\/wp-content\/uploads\/2025\/01\/eva2.png); --data-rotate:0deg;\">\r\n            <\/div>\r\n                <svg width=\"526\" height=\"631\" viewbox=\"0 0 526 631\" fill=\"none\" xmlns=\"http:\/\/www.w3.org\/2000\/svg\">\r\n            <rect x=\"266.5\" y=\"0.5\" width=\"99\" height=\"630\" stroke=\"#F0F0F0\"\/>\r\n            <rect x=\"169.5\" y=\"0.5\" width=\"293\" height=\"630\" stroke=\"#F0F0F0\"\/>\r\n            <rect x=\"72.5\" y=\"0.5\" width=\"453\" height=\"630\" stroke=\"#F0F0F0\"\/>\r\n            <rect x=\"0.5\" y=\"0.5\" width=\"525\" height=\"630\" stroke=\"#F0F0F0\"\/>\r\n            <rect x=\"0.5\" y=\"77.5\" width=\"525\" height=\"489\" stroke=\"#F0F0F0\"\/>\r\n            <rect x=\"0.5\" y=\"213.5\" width=\"525\" height=\"237\" stroke=\"#F0F0F0\"\/>\r\n            <rect x=\"0.25\" y=\"337.25\" width=\"525.5\" height=\"0.5\" stroke=\"#F0F0F0\" stroke-width=\"0.5\"\/>\r\n            <rect x=\"463\" width=\"63\" height=\"54\" fill=\"#F0F0F0\"\/>\r\n            <rect x=\"366\" y=\"427\" width=\"97\" height=\"73\" fill=\"#F0F0F0\"\/>\r\n            <rect y=\"427\" width=\"72\" height=\"74\" fill=\"#F0F0F0\"\/>\r\n            <rect y=\"567\" width=\"72\" height=\"64\" fill=\"#F0F0F0\"\/>\r\n            <rect y=\"117\" width=\"72\" height=\"74\" fill=\"#F0F0F0\"\/>\r\n        <\/svg>\r\n    <\/div>\r\n    <\/div>\t\t\t\t<\/div>\n\t\t\t\t<\/div>\n\t\t            <\/div>\r\n        <\/div>\r\n                <div class=\"elementor-column elementor-col-50 elementor-top-column elementor-element elementor-element-164befe pxl-column-none\" data-id=\"164befe\" data-element_type=\"column\">\r\n        <div class=\"elementor-widget-wrap elementor-element-populated\">\r\n                     \r\n        \t\t<div class=\"elementor-element elementor-element-f1d81e9 elementor-widget__width-initial elementor-widget elementor-widget-pxl_meta_box\" data-id=\"f1d81e9\" data-element_type=\"widget\" data-widget_type=\"pxl_meta_box.default\">\n\t\t\t\t<div class=\"elementor-widget-container\">\n\t\t\t\t\t<div class=\"pxl-meta-box pxl-meta-box1\" data-wow-delay=\"ms\" data-wow-duration=\"1.2s\">\r\n    <div class=\"pxl-item--inner\">\r\n        <div class=\"pxl-item--content\">\r\n                            <div class=\"list--item\">\r\n                    <div class=\"item--icon\"><\/div>\r\n                                            <div class=\"item--content\">\r\n                                                            <h4 class=\"item--title el-empty\">\r\n                                     <a href=\"https:\/\/evasoftwaretechnology.com\/en\/contact\/\">                                     Our goal                                     <\/a>                                 <\/h4>\r\n                                                                                        <div class=\"item--description\">\r\n                                    In every project, we see our business partners' goals as our own and walk with them on their success journey. \nWe reflect our user-focused approach and high performance goal in every website, every mobile application and every line of code. \nOur goal is to provide a reliable infrastructure that will take our business partners to the top and nurture their sustainable success\n                                <\/div>\r\n                                                    <\/div>\r\n                                                                <a class=\"item--button\" href=\"https:\/\/evasoftwaretechnology.com\/en\/contact\/\">\r\n                            <svg xmlns=\"http:\/\/www.w3.org\/2000\/svg\" width=\"14\" height=\"12\" viewbox=\"0 0 14 12\" fill=\"none\">\r\n                                <path d=\"M1.52527 11.0507L12.2499 2.0517M12.2499 2.0517L11.6938 7.54418M12.2499 2.0517L6.74429 1.64564\" stroke=\"#1A1A1A\" stroke-width=\"2\"\/>\r\n                            <\/svg>\r\n                            <svg xmlns=\"http:\/\/www.w3.org\/2000\/svg\" width=\"14\" height=\"12\" viewbox=\"0 0 14 12\" fill=\"none\">\r\n                                <path d=\"M1.52527 11.0507L12.2499 2.0517M12.2499 2.0517L11.6938 7.54418M12.2499 2.0517L6.74429 1.64564\" stroke=\"#1A1A1A\" stroke-width=\"2\"\/>\r\n                            <\/svg>\r\n                        <\/a>\r\n                                    <\/div>\r\n                            <div class=\"list--item\">\r\n                    <div class=\"item--icon\"><\/div>\r\n                                            <div class=\"item--content\">\r\n                                                            <h4 class=\"item--title el-empty\">\r\n                                     <a href=\"https:\/\/evasoftwaretechnology.com\/en\/contact\/\">                                     Why Us?                                     <\/a>                                 <\/h4>\r\n                                                                                        <div class=\"item--description\">\r\n                                    We grow and become stronger together with our business partners and are happy to support them in every project. We cross borders with technology, give stories a new direction, and give brands a strong presence in the digital world. Every project is a passion for us and every line of code comes from our heart.                                <\/div>\r\n                                                    <\/div>\r\n                                                                <a class=\"item--button\" href=\"https:\/\/evasoftwaretechnology.com\/en\/contact\/\">\r\n                            <svg xmlns=\"http:\/\/www.w3.org\/2000\/svg\" width=\"14\" height=\"12\" viewbox=\"0 0 14 12\" fill=\"none\">\r\n                                <path d=\"M1.52527 11.0507L12.2499 2.0517M12.2499 2.0517L11.6938 7.54418M12.2499 2.0517L6.74429 1.64564\" stroke=\"#1A1A1A\" stroke-width=\"2\"\/>\r\n                            <\/svg>\r\n                            <svg xmlns=\"http:\/\/www.w3.org\/2000\/svg\" width=\"14\" height=\"12\" viewbox=\"0 0 14 12\" fill=\"none\">\r\n                                <path d=\"M1.52527 11.0507L12.2499 2.0517M12.2499 2.0517L11.6938 7.54418M12.2499 2.0517L6.74429 1.64564\" stroke=\"#1A1A1A\" stroke-width=\"2\"\/>\r\n                            <\/svg>\r\n                        <\/a>\r\n                                    <\/div>\r\n                    <\/div>\r\n        <div class=\"pxl-item--footer\">\r\n                                <\/div>\r\n    <\/div>\r\n<\/div>\t\t\t\t<\/div>\n\t\t\t\t<\/div>\n\t\t            <\/div>\r\n        <\/div>\r\n        \t\t\t<\/div>\n\t\t<\/section>\n\t\t\t\t<\/div>","protected":false},"excerpt":{"rendered":"<p>Hakk\u0131m\u0131zda Fark\u0131n\u0131z\u0131 Ortaya Koyun, Dikkatleri \u00dczerinize \u00c7ekin! Eva Software Technology, yenilik\u00e7i yaz\u0131l\u0131m \u00e7\u00f6z\u00fcmleri ve teknoloji odakl\u0131 hizmetleriyle g\u00fcvenilir bir i\u015f orta\u011f\u0131d\u0131r. \u0130\u015f s\u00fcre\u00e7lerinizi optimize etmek, verimlili\u011finizi art\u0131rmak ve dijital d\u00f6n\u00fc\u015f\u00fcm\u00fcn\u00fcz\u00fc h\u0131zland\u0131rmak i\u00e7in farkl\u0131 sekt\u00f6rlere \u00f6zel \u00e7\u00f6z\u00fcmler sunuyoruz. Bizim i\u00e7in \u00f6l\u00e7ek fark etmez. K\u00fc\u00e7\u00fck ya da b\u00fcy\u00fck her i\u015fletmeye ayn\u0131 titizlikle yakla\u015f\u0131yor, fikir, sanat ve yaz\u0131l\u0131m\u0131 [&hellip;]<\/p>","protected":false},"author":1,"featured_media":5782,"parent":0,"menu_order":0,"comment_status":"closed","ping_status":"closed","template":"","meta":{"footnotes":"","_links_to":"","_links_to_target":""},"class_list":["post-96","page","type-page","status-publish","has-post-thumbnail","hentry"],"aioseo_notices":[],"_links":{"self":[{"href":"https:\/\/evasoftwaretechnology.com\/en\/wp-json\/wp\/v2\/pages\/96","targetHints":{"allow":["GET"]}}],"collection":[{"href":"https:\/\/evasoftwaretechnology.com\/en\/wp-json\/wp\/v2\/pages"}],"about":[{"href":"https:\/\/evasoftwaretechnology.com\/en\/wp-json\/wp\/v2\/types\/page"}],"author":[{"embeddable":true,"href":"https:\/\/evasoftwaretechnology.com\/en\/wp-json\/wp\/v2\/users\/1"}],"replies":[{"embeddable":true,"href":"https:\/\/evasoftwaretechnology.com\/en\/wp-json\/wp\/v2\/comments?post=96"}],"version-history":[{"count":26,"href":"https:\/\/evasoftwaretechnology.com\/en\/wp-json\/wp\/v2\/pages\/96\/revisions"}],"predecessor-version":[{"id":5962,"href":"https:\/\/evasoftwaretechnology.com\/en\/wp-json\/wp\/v2\/pages\/96\/revisions\/5962"}],"wp:featuredmedia":[{"embeddable":true,"href":"https:\/\/evasoftwaretechnology.com\/en\/wp-json\/wp\/v2\/media\/5782"}],"wp:attachment":[{"href":"https:\/\/evasoftwaretechnology.com\/en\/wp-json\/wp\/v2\/media?parent=96"}],"curies":[{"name":"wp","href":"https:\/\/api.w.org\/{rel}","templated":true}]}}