{"id":98,"date":"2023-11-20T08:25:23","date_gmt":"2023-11-20T08:25:23","guid":{"rendered":"https:\/\/demo.bravisthemes.com\/kaitex\/?page_id=98"},"modified":"2025-02-19T10:26:07","modified_gmt":"2025-02-19T10:26:07","slug":"iletisim","status":"publish","type":"page","link":"https:\/\/evasoftwaretechnology.com\/en\/iletisim\/","title":{"rendered":"Contact"},"content":{"rendered":"<div data-elementor-type=\"wp-page\" data-elementor-id=\"98\" class=\"elementor elementor-98\">\n\t\t\t\t        <section class=\"elementor-section elementor-top-section elementor-element elementor-element-d9717dc elementor-section-boxed elementor-section-height-default elementor-section-height-default pxl-row-scroll-none pxl-section-bg-none\" data-id=\"d9717dc\" data-element_type=\"section\">\n\n                \n                <div class=\"elementor-container elementor-column-gap-default\">\n                <div class=\"elementor-column elementor-col-100 elementor-top-column elementor-element elementor-element-88f5bf5 pxl-column-none\" data-id=\"88f5bf5\" data-element_type=\"column\">\r\n        <div class=\"elementor-widget-wrap elementor-element-populated\">\r\n                     \r\n        \t\t<div class=\"elementor-element elementor-element-1484814 elementor-widget elementor-widget-pxl_heading\" data-id=\"1484814\" data-element_type=\"widget\" data-widget_type=\"pxl_heading.default\">\n\t\t\t\t<div class=\"elementor-widget-container\">\n\t\t\t\t\t<div class=\"pxl-heading\">\n\t<div class=\"pxl-heading--inner\">\n\t\t\t\t\t\t\t<h1 class=\"pxl-item--title heading-style1\" data-wow-delay=\"ms\" data-wow-duration=\"1.2s\" >\n\t\t\t\tContact Us\t\t\t<\/h1>\n\t\t\t<\/div>\n<\/div>\n\t\t\t\t<\/div>\n\t\t\t\t<\/div>\n\t\t        <section class=\"elementor-section elementor-inner-section elementor-element elementor-element-a243383 elementor-section-boxed elementor-section-height-default elementor-section-height-default pxl-row-scroll-none pxl-section-bg-none\" data-id=\"a243383\" data-element_type=\"section\">\n\n                \n                <div class=\"elementor-container elementor-column-gap-default\">\n                <div class=\"elementor-column elementor-col-50 elementor-inner-column elementor-element elementor-element-3be0838 pxl-column-none\" data-id=\"3be0838\" data-element_type=\"column\">\r\n        <div class=\"elementor-widget-wrap elementor-element-populated\">\r\n                     \r\n        \t\t<div class=\"elementor-element elementor-element-23dc840 elementor-widget elementor-widget-pxl_text_editor\" data-id=\"23dc840\" data-element_type=\"widget\" data-widget_type=\"pxl_text_editor.default\">\n\t\t\t\t<div class=\"elementor-widget-container\">\n\t\t\t\t\t<div class=\"pxl-text-editor style1\" data-wow-delay=\"ms\" data-wow-duration=\"1.2s\">\n\t<div class=\"pxl-item--inner\">\n\t\t<p>You Dream, We Realize<\/p>\t<\/div>\n<\/div>\n\t\t\t\t<\/div>\n\t\t\t\t<\/div>\n\t\t            <\/div>\r\n        <\/div>\r\n                <div class=\"elementor-column elementor-col-50 elementor-inner-column elementor-element elementor-element-6cacdc1 pxl-column-none\" data-id=\"6cacdc1\" data-element_type=\"column\">\r\n        <div class=\"elementor-widget-wrap elementor-element-populated\">\r\n                     \r\n        \t\t<div class=\"elementor-element elementor-element-57899de elementor-widget elementor-widget-pxl_text_editor\" data-id=\"57899de\" data-element_type=\"widget\" data-widget_type=\"pxl_text_editor.default\">\n\t\t\t\t<div class=\"elementor-widget-container\">\n\t\t\t\t\t<div class=\"pxl-text-editor style1\" data-wow-delay=\"ms\" data-wow-duration=\"1.2s\">\n\t<div class=\"pxl-item--inner\">\n\t\t\t<\/div>\n<\/div>\n\t\t\t\t<\/div>\n\t\t\t\t<\/div>\n\t\t            <\/div>\r\n        <\/div>\r\n        \t\t\t<\/div>\n\t\t<\/section>\n\t\t            <\/div>\r\n        <\/div>\r\n        \t\t\t<\/div>\n\t\t<\/section>\n\t\t        <section class=\"elementor-section elementor-top-section elementor-element elementor-element-923308f elementor-section-stretched elementor-section-boxed elementor-section-height-default elementor-section-height-default pxl-row-scroll-none pxl-section-bg-none\" data-id=\"923308f\" data-element_type=\"section\" data-settings=\"{&quot;stretch_section&quot;:&quot;section-stretched&quot;}\">\n\n                \n                <div class=\"elementor-container elementor-column-gap-default\">\n                <div class=\"elementor-column elementor-col-33 elementor-top-column elementor-element elementor-element-06e0a9d pxl-column-none\" data-id=\"06e0a9d\" data-element_type=\"column\">\r\n        <div class=\"elementor-widget-wrap elementor-element-populated\">\r\n                     \r\n        \t\t<div class=\"elementor-element elementor-element-cc8ba89 elementor-widget elementor-widget-pxl_contact_info\" data-id=\"cc8ba89\" data-element_type=\"widget\" data-widget_type=\"pxl_contact_info.default\">\n\t\t\t\t<div class=\"elementor-widget-container\">\n\t\t\t\t\t<div class=\"pxl-contact-info pxl-contact-info3\" data-wow-delay=\"ms\" data-wow-duration=\"1.2s\">\r\n    <div class=\"pxl-item--inner\">\r\n                    <div class=\"pxl-item--icon\">\r\n                <svg xmlns=\"http:\/\/www.w3.org\/2000\/svg\" width=\"50\" height=\"50\" viewbox=\"0 0 50 50\" fill=\"none\"><g clip-path=\"url(#clip0_395_6475)\"><path d=\"M29.1667 2.08333V0C40.6542 0 50 9.34583 50 20.8333H47.9167C47.9167 10.4958 39.5042 2.08333 29.1667 2.08333ZM39.5833 20.8333H41.6667C41.6667 13.9396 36.0604 8.33333 29.1667 8.33333V10.4167C34.9104 10.4167 39.5833 15.0896 39.5833 20.8333ZM36.5146 28.8271L48.3458 40.6583L42.3479 46.6562C40.1958 48.8125 37.2812 50 34.1375 50C19.1437 50 0 30.8583 0 15.8604C0 12.7167 1.1875 9.80208 3.34375 7.65L9.34167 1.65208L21.1729 13.4833L14.1458 20.5104C17.2833 27.925 22.3104 32.9562 29.4792 35.8625L36.5146 28.8271ZM45.4 40.6583L36.5146 31.7729L29.9937 38.2958L29.3625 38.0542C21.1958 34.9375 15.3375 29.0833 11.9521 20.6542L11.6958 20.0146L18.2271 13.4833L9.34167 4.59792L4.81667 9.12292C3.05417 10.8813 2.08333 13.275 2.08333 15.8604C2.08333 29.6417 20.3583 47.9167 34.1396 47.9167C36.725 47.9167 39.1167 46.9458 40.875 45.1833L45.4 40.6583Z\" fill=\"#0959F9\"><\/path><\/g><defs><clippath id=\"clip0_395_6475\"><rect width=\"50\" height=\"50\" fill=\"white\"><\/rect><\/clippath><\/defs><\/svg>            <\/div>\r\n                            <ul class=\"pxl-item--list\">\r\n                                    <li class=\"pxl-item--link\">\r\n                                                     <a href=\"tel:+90 541 194 17 13\">                             +90 541 194 17 13                             <\/a>                                             <\/li>\r\n                            <\/ul>\r\n                            <div class=\"pxl-item--title\">\r\n                Phone Contact            <\/div>\r\n            <\/div>\r\n<\/div>\t\t\t\t<\/div>\n\t\t\t\t<\/div>\n\t\t            <\/div>\r\n        <\/div>\r\n                <div class=\"elementor-column elementor-col-33 elementor-top-column elementor-element elementor-element-847d2f3 pxl-column-none\" data-id=\"847d2f3\" data-element_type=\"column\">\r\n        <div class=\"elementor-widget-wrap elementor-element-populated\">\r\n                     \r\n        \t\t<div class=\"elementor-element elementor-element-d0653d5 elementor-widget elementor-widget-pxl_contact_info\" data-id=\"d0653d5\" data-element_type=\"widget\" data-widget_type=\"pxl_contact_info.default\">\n\t\t\t\t<div class=\"elementor-widget-container\">\n\t\t\t\t\t<div class=\"pxl-contact-info pxl-contact-info3\" data-wow-delay=\"ms\" data-wow-duration=\"1.2s\">\r\n    <div class=\"pxl-item--inner\">\r\n                    <div class=\"pxl-item--icon\">\r\n                <svg xmlns=\"http:\/\/www.w3.org\/2000\/svg\" width=\"50\" height=\"50\" viewbox=\"0 0 50 50\" fill=\"none\"><path d=\"M27.0832 20.8333C27.0832 21.9833 26.1499 22.9167 24.9999 22.9167C23.8499 22.9167 22.9165 21.9833 22.9165 20.8333C22.9165 19.6833 23.8499 18.75 24.9999 18.75C26.1499 18.75 27.0832 19.6833 27.0832 20.8333ZM35.4165 18.75C34.2665 18.75 33.3332 19.6833 33.3332 20.8333C33.3332 21.9833 34.2665 22.9167 35.4165 22.9167C36.5665 22.9167 37.4999 21.9833 37.4999 20.8333C37.4999 19.6833 36.5665 18.75 35.4165 18.75ZM14.5832 18.75C13.4332 18.75 12.4999 19.6833 12.4999 20.8333C12.4999 21.9833 13.4332 22.9167 14.5832 22.9167C15.7332 22.9167 16.6665 21.9833 16.6665 20.8333C16.6665 19.6833 15.7332 18.75 14.5832 18.75ZM49.9999 7.29167V34.375C49.9999 38.3958 46.729 41.6667 42.7082 41.6667H35.3499L27.0478 48.5312C26.4749 49.0417 25.7436 49.2979 25.0103 49.2979C24.2686 49.2979 23.5186 49.0354 22.9249 48.5083L14.804 41.6667H7.29362C3.27279 41.6667 0.00195412 38.3958 0.00195412 34.375V7.29167C-0.000129214 3.27083 3.2707 0 7.29154 0H42.7082C46.729 0 49.9999 3.27083 49.9999 7.29167ZM47.9165 7.29167C47.9165 4.42083 45.5811 2.08333 42.7082 2.08333H7.29154C4.41862 2.08333 2.0832 4.42083 2.0832 7.29167V34.375C2.0832 37.2458 4.41862 39.5833 7.29154 39.5833H15.1832C15.429 39.5833 15.6665 39.6708 15.854 39.8292L24.2874 46.9333C24.702 47.3042 25.2978 47.3 25.6915 46.95L34.3124 39.8229C34.4999 39.6687 34.7332 39.5833 34.9749 39.5833H42.7082C45.5811 39.5833 47.9165 37.2458 47.9165 34.375V7.29167Z\" fill=\"#0959F9\"><\/path><\/svg>            <\/div>\r\n                            <ul class=\"pxl-item--list\">\r\n                                    <li class=\"pxl-item--link\">\r\n                                                     <a href=\"mailto:info@evasoftwaretechnology.com\">                             info@evasoftware                             <\/a>                                             <\/li>\r\n                            <\/ul>\r\n                            <div class=\"pxl-item--title\">\r\n                Mail Contact            <\/div>\r\n            <\/div>\r\n<\/div>\t\t\t\t<\/div>\n\t\t\t\t<\/div>\n\t\t            <\/div>\r\n        <\/div>\r\n                <div class=\"elementor-column elementor-col-33 elementor-top-column elementor-element elementor-element-9ddf022 pxl-column-none\" data-id=\"9ddf022\" data-element_type=\"column\">\r\n        <div class=\"elementor-widget-wrap elementor-element-populated\">\r\n                     \r\n        \t\t<div class=\"elementor-element elementor-element-d494f02 elementor-widget elementor-widget-pxl_contact_info\" data-id=\"d494f02\" data-element_type=\"widget\" data-widget_type=\"pxl_contact_info.default\">\n\t\t\t\t<div class=\"elementor-widget-container\">\n\t\t\t\t\t<div class=\"pxl-contact-info pxl-contact-info3\" data-wow-delay=\"ms\" data-wow-duration=\"1.2s\">\r\n    <div class=\"pxl-item--inner\">\r\n                    <div class=\"pxl-item--icon\">\r\n                <svg xmlns=\"http:\/\/www.w3.org\/2000\/svg\" width=\"50\" height=\"50\" viewbox=\"0 0 50 50\" fill=\"none\"><path d=\"M25 14.5833C19.2562 14.5833 14.5833 19.2562 14.5833 25C14.5833 30.7437 19.2562 35.4167 25 35.4167C30.7437 35.4167 35.4167 30.7437 35.4167 25C35.4167 19.2562 30.7437 14.5833 25 14.5833ZM25 33.3333C20.4042 33.3333 16.6667 29.5958 16.6667 25C16.6667 20.4042 20.4042 16.6667 25 16.6667C29.5958 16.6667 33.3333 20.4042 33.3333 25C33.3333 29.5958 29.5958 33.3333 25 33.3333ZM48.9583 23.9583H45.8062C45.2792 13.2979 36.7021 4.72083 26.0417 4.19375V1.04167C26.0417 0.466667 25.575 0 25 0C24.425 0 23.9583 0.466667 23.9583 1.04167V4.19375C13.2979 4.72083 4.72083 13.2979 4.19375 23.9583H1.04167C0.466667 23.9583 0 24.425 0 25C0 25.575 0.466667 26.0417 1.04167 26.0417H4.19375C4.72083 36.7021 13.2979 45.2792 23.9583 45.8062V48.9583C23.9583 49.5333 24.425 50 25 50C25.575 50 26.0417 49.5333 26.0417 48.9583V45.8062C36.7021 45.2792 45.2792 36.7 45.8062 26.0417H48.9583C49.5333 26.0417 50 25.575 50 25C50 24.425 49.5333 23.9583 48.9583 23.9583ZM25 43.75C14.6625 43.75 6.25 35.3396 6.25 25C6.25 14.6604 14.6625 6.25 25 6.25C35.3375 6.25 43.75 14.6604 43.75 25C43.75 35.3396 35.3375 43.75 25 43.75Z\" fill=\"#0959F9\"><\/path><\/svg>            <\/div>\r\n                            <ul class=\"pxl-item--list\">\r\n                                    <li class=\"pxl-item--link\">\r\n                                                     <a href=\"#\" target=\"_blank\">                             Skyport Residence, Beylikd\u00fcz\u00fc\/ \u0130STANBUL                             <\/a>                                             <\/li>\r\n                            <\/ul>\r\n                            <div class=\"pxl-item--title\">\r\n                Address            <\/div>\r\n            <\/div>\r\n<\/div>\t\t\t\t<\/div>\n\t\t\t\t<\/div>\n\t\t            <\/div>\r\n        <\/div>\r\n        \t\t\t<\/div>\n\t\t<\/section>\n\t\t        <section class=\"elementor-section elementor-top-section elementor-element elementor-element-83eb8fa elementor-section-full_width elementor-section-stretched elementor-section-height-default elementor-section-height-default pxl-section-offset-none pxl-row-scroll-none pxl-section-bg-none\" data-id=\"83eb8fa\" data-element_type=\"section\" data-settings=\"{&quot;stretch_section&quot;:&quot;section-stretched&quot;}\">\n\n                \n                <div class=\"elementor-container elementor-column-gap-default\">\n                <div class=\"elementor-column elementor-col-100 elementor-top-column elementor-element elementor-element-2933236 pxl-column-none\" data-id=\"2933236\" data-element_type=\"column\">\r\n        <div class=\"elementor-widget-wrap elementor-element-populated\">\r\n                     \r\n        \t\t<div class=\"elementor-element elementor-element-c10296d elementor-widget elementor-widget-google_maps\" data-id=\"c10296d\" data-element_type=\"widget\" data-widget_type=\"google_maps.default\">\n\t\t\t\t<div class=\"elementor-widget-container\">\n\t\t\t\t\t\t\t<div class=\"elementor-custom-embed\">\n\t\t\t<iframe loading=\"lazy\"\n\t\t\t\t\tsrc=\"https:\/\/maps.google.com\/maps?q=skyport%20beylikd%C3%BCz%C3%BC&#038;t=m&#038;z=14&#038;output=embed&#038;iwloc=near\"\n\t\t\t\t\ttitle=\"skyport beylikd\u00fcz\u00fc\"\n\t\t\t\t\taria-label=\"skyport beylikd\u00fcz\u00fc\"\n\t\t\t><\/iframe>\n\t\t<\/div>\n\t\t\t\t\t\t<\/div>\n\t\t\t\t<\/div>\n\t\t            <\/div>\r\n        <\/div>\r\n        \t\t\t<\/div>\n\t\t<\/section>\n\t\t        <section class=\"elementor-section elementor-top-section elementor-element elementor-element-ba4725d elementor-section-height-min-height elementor-section-boxed elementor-section-height-default elementor-section-items-middle pxl-row-scroll-none pxl-section-bg-none\" data-id=\"ba4725d\" data-element_type=\"section\">\n\n                \n                <div class=\"elementor-container elementor-column-gap-default\">\n                <div class=\"elementor-column elementor-col-50 elementor-top-column elementor-element elementor-element-9c2cdf1 pxl-column-none\" data-id=\"9c2cdf1\" data-element_type=\"column\">\r\n        <div class=\"elementor-widget-wrap\">\r\n                     \r\n                    <\/div>\r\n        <\/div>\r\n                <div class=\"elementor-column elementor-col-50 elementor-top-column elementor-element elementor-element-5654385 pxl-column-none\" data-id=\"5654385\" data-element_type=\"column\" data-settings=\"{&quot;background_background&quot;:&quot;classic&quot;}\">\r\n        <div class=\"elementor-widget-wrap elementor-element-populated\">\r\n                     \r\n        \t\t<div class=\"elementor-element elementor-element-c1465b6 elementor-widget elementor-widget-pxl_heading\" data-id=\"c1465b6\" data-element_type=\"widget\" data-widget_type=\"pxl_heading.default\">\n\t\t\t\t<div class=\"elementor-widget-container\">\n\t\t\t\t\t<div class=\"pxl-heading\">\n\t<div class=\"pxl-heading--inner\">\n\t\t\t\t\t\t\t<h3 class=\"pxl-item--title heading-style1\" data-wow-delay=\"ms\" data-wow-duration=\"1.2s\" >\n\t\t\t\tWrite to Us\t\t\t<\/h3>\n\t\t\t<\/div>\n<\/div>\n\t\t\t\t<\/div>\n\t\t\t\t<\/div>\n\t\t\t\t<div class=\"elementor-element elementor-element-ee939e1 elementor-widget elementor-widget-pxl_contact_form\" data-id=\"ee939e1\" data-element_type=\"widget\" data-widget_type=\"pxl_contact_form.default\">\n\t\t\t\t<div class=\"elementor-widget-container\">\n\t\t\t\t\t    <div class=\"pxl-contact-form pxl-contact-form1 style1\" data-wow-delay=\"ms\" data-wow-duration=\"1.2s\">\r\n        \n<div class=\"wpcf7 no-js\" id=\"wpcf7-f9-o1\" lang=\"en-US\" dir=\"ltr\" data-wpcf7-id=\"9\">\n<div class=\"screen-reader-response\"><p role=\"status\" aria-live=\"polite\" aria-atomic=\"true\"><\/p> <ul><\/ul><\/div>\n<form action=\"\/en\/wp-json\/wp\/v2\/pages\/98#wpcf7-f9-o1\" method=\"post\" class=\"wpcf7-form init\" aria-label=\"Contact form\" novalidate=\"novalidate\" data-status=\"init\" data-trp-original-action=\"\/en\/wp-json\/wp\/v2\/pages\/98#wpcf7-f9-o1\">\n<div style=\"display: none;\">\n<input type=\"hidden\" name=\"_wpcf7\" value=\"9\" \/>\n<input type=\"hidden\" name=\"_wpcf7_version\" value=\"6.0.6\" \/>\n<input type=\"hidden\" name=\"_wpcf7_locale\" value=\"en_US\" \/>\n<input type=\"hidden\" name=\"_wpcf7_unit_tag\" value=\"wpcf7-f9-o1\" \/>\n<input type=\"hidden\" name=\"_wpcf7_container_post\" value=\"0\" \/>\n<input type=\"hidden\" name=\"_wpcf7_posted_data_hash\" value=\"\" \/>\n<\/div>\n<div class=\"wp-row-ctf7 contact-form-custom1\">\n\t<div class=\"row input-contact\">\n\t\t<div class=\"col-6\">\n\t\t\t<div class=\"input-filled\">\n\t\t\t\t<p><label for=\"namefield\">Name Surname<\/label><br \/>\n<span class=\"wpcf7-form-control-wrap\" data-name=\"your-name\"><input size=\"40\" maxlength=\"400\" class=\"wpcf7-form-control wpcf7-text wpcf7-validates-as-required\" id=\"namefield\" aria-required=\"true\" aria-invalid=\"false\" placeholder=\"Name Surname\" value=\"\" type=\"text\" name=\"your-name\" \/><\/span>\n\t\t\t\t<\/p>\n\t\t\t<\/div>\n\t\t<\/div>\n\t\t<div class=\"col-6\">\n\t\t\t<div class=\"input-filled\">\n\t\t\t\t<p><label for=\"mailfield\">Email<\/label><br \/>\n<span class=\"wpcf7-form-control-wrap\" data-name=\"your-email\"><input size=\"40\" maxlength=\"400\" class=\"wpcf7-form-control wpcf7-email wpcf7-validates-as-required wpcf7-text wpcf7-validates-as-email\" id=\"mailfield\" aria-required=\"true\" aria-invalid=\"false\" placeholder=\"info@info.com\" value=\"\" type=\"email\" name=\"your-email\" \/><\/span>\n\t\t\t\t<\/p>\n\t\t\t<\/div>\n\t\t<\/div>\n\t<\/div>\n\t<div class=\"row input-contact large\">\n\t\t<div class=\"col-12\">\n\t\t\t<div class=\"input-filled\">\n\t\t\t\t<p><label for=\"messagefield\">Message<\/label><br \/>\n<span class=\"wpcf7-form-control-wrap\" data-name=\"your-message\"><textarea cols=\"40\" rows=\"10\" maxlength=\"2000\" class=\"wpcf7-form-control wpcf7-textarea wpcf7-validates-as-required\" id=\"messagefield\" aria-required=\"true\" aria-invalid=\"false\" placeholder=\"Your Message\" name=\"your-message\"><\/textarea><\/span>\n\t\t\t\t<\/p>\n\t\t\t<\/div>\n\t\t<\/div>\n\t<\/div>\n\t<div class=\"row input-contact\" style=\"margin-top: 13px;\">\n\t\t<div class=\"col-12\">\n\t\t\t<div class=\"input-filled\">\n\t\t\t\t<div class=\"input-filled\">\n\t\t\t\t\t<p><span style=\"color: var(--primary-color);\">*<\/span> * You can communicate quickly via phone.\n\t\t\t\t\t<\/p>\n\t\t\t\t<\/div>\n\t\t\t<\/div>\n\t\t<\/div>\n\t<\/div>\n\t<div class=\"row button-contact\">\n\t\t<div class=\"col-12\">\n\t\t\t<div class=\"btn-form\">\n\t\t\t\t<p><button type=\"submit\" class=\"wpcf7-submit btn btn-default\"><br \/>\n<span class=\"\">Send<\/span><br \/>\n<\/button>\n\t\t\t\t<\/p>\n\t\t\t<\/div>\n\t\t<\/div>\n\t<\/div>\n<\/div><p style=\"display: none !important;\" class=\"akismet-fields-container\" data-prefix=\"_wpcf7_ak_\"><label>&#916;<textarea name=\"_wpcf7_ak_hp_textarea\" cols=\"45\" rows=\"8\" maxlength=\"100\"><\/textarea><\/label><input type=\"hidden\" id=\"ak_js_1\" name=\"_wpcf7_ak_js\" value=\"210\"\/><script>document.getElementById( \"ak_js_1\" ).setAttribute( \"value\", ( new Date() ).getTime() );<\/script><\/p><div class=\"wpcf7-response-output\" aria-hidden=\"true\"><\/div>\n<input type=\"hidden\" name=\"trp-form-language\" value=\"en\"\/><\/form>\n<\/div>\n    <\/div>\r\n\t\t\t\t<\/div>\n\t\t\t\t<\/div>\n\t\t            <\/div>\r\n        <\/div>\r\n        \t\t\t<\/div>\n\t\t<\/section>\n\t\t\t\t<\/div>","protected":false},"excerpt":{"rendered":"<p>Bizimle \u0130leti\u015fim Kurun Siz Hayal Edin Biz Ger\u00e7ekle\u015ftirelim +90 541 194 17 13 Telefon \u0130leti\u015fim info@evasoftware Mail \u0130leti\u015fim Skyport Residence, Beylikd\u00fcz\u00fc\/ \u0130STANBUL Adres Bize Yaz\u0131n Ad Soyad Email Mesaj * Telefon \u00fczerinden h\u0131zl\u0131 ileti\u015fim sa\u011flayabilirsiniz. G\u00f6nder<\/p>","protected":false},"author":1,"featured_media":5782,"parent":0,"menu_order":0,"comment_status":"closed","ping_status":"closed","template":"","meta":{"footnotes":"","_links_to":"","_links_to_target":""},"class_list":["post-98","page","type-page","status-publish","has-post-thumbnail","hentry"],"aioseo_notices":[],"_links":{"self":[{"href":"https:\/\/evasoftwaretechnology.com\/en\/wp-json\/wp\/v2\/pages\/98","targetHints":{"allow":["GET"]}}],"collection":[{"href":"https:\/\/evasoftwaretechnology.com\/en\/wp-json\/wp\/v2\/pages"}],"about":[{"href":"https:\/\/evasoftwaretechnology.com\/en\/wp-json\/wp\/v2\/types\/page"}],"author":[{"embeddable":true,"href":"https:\/\/evasoftwaretechnology.com\/en\/wp-json\/wp\/v2\/users\/1"}],"replies":[{"embeddable":true,"href":"https:\/\/evasoftwaretechnology.com\/en\/wp-json\/wp\/v2\/comments?post=98"}],"version-history":[{"count":7,"href":"https:\/\/evasoftwaretechnology.com\/en\/wp-json\/wp\/v2\/pages\/98\/revisions"}],"predecessor-version":[{"id":6059,"href":"https:\/\/evasoftwaretechnology.com\/en\/wp-json\/wp\/v2\/pages\/98\/revisions\/6059"}],"wp:featuredmedia":[{"embeddable":true,"href":"https:\/\/evasoftwaretechnology.com\/en\/wp-json\/wp\/v2\/media\/5782"}],"wp:attachment":[{"href":"https:\/\/evasoftwaretechnology.com\/en\/wp-json\/wp\/v2\/media?parent=98"}],"curies":[{"name":"wp","href":"https:\/\/api.w.org\/{rel}","templated":true}]}}